{"id":631,"date":"2023-12-11T04:04:04","date_gmt":"2023-12-11T04:04:04","guid":{"rendered":"https:\/\/www.tiha.eu\/?page_id=631"},"modified":"2023-12-30T13:37:33","modified_gmt":"2023-12-30T12:37:33","slug":"coconut-milk","status":"publish","type":"page","link":"https:\/\/www.tiha.eu\/vi\/product\/coconut-milk\/","title":{"rendered":"N\u01b0\u1edbc c\u1ed1t d\u1eeba"},"content":{"rendered":"<div data-elementor-type=\"wp-page\" data-elementor-id=\"631\" class=\"elementor elementor-631\" data-elementor-post-type=\"page\">\n\t\t\t\t\t\t\t<div class=\"elementor-element elementor-element-80f4049 e-flex e-con-boxed e-con e-parent\" data-id=\"80f4049\" data-element_type=\"container\" data-settings=\"{&quot;background_background&quot;:&quot;classic&quot;,&quot;content_width&quot;:&quot;boxed&quot;}\" data-core-v316-plus=\"true\">\n\t\t\t\t\t<div class=\"e-con-inner\">\n\t\t<div class=\"elementor-element elementor-element-c392060 e-flex e-con-boxed e-con e-child\" data-id=\"c392060\" data-element_type=\"container\" data-settings=\"{&quot;content_width&quot;:&quot;boxed&quot;}\">\n\t\t\t\t\t<div class=\"e-con-inner\">\n\t\t\t\t<div class=\"elementor-element elementor-element-2aab14d elementor-widget elementor-widget-heading\" data-id=\"2aab14d\" data-element_type=\"widget\" data-widget_type=\"heading.default\">\n\t\t\t\t<div class=\"elementor-widget-container\">\n\t\t\t<style>\/*! elementor - v3.17.0 - 08-11-2023 *\/\n.elementor-heading-title{padding:0;margin:0;line-height:1}.elementor-widget-heading .elementor-heading-title[class*=elementor-size-]>a{color:inherit;font-size:inherit;line-height:inherit}.elementor-widget-heading .elementor-heading-title.elementor-size-small{font-size:15px}.elementor-widget-heading .elementor-heading-title.elementor-size-medium{font-size:19px}.elementor-widget-heading .elementor-heading-title.elementor-size-large{font-size:29px}.elementor-widget-heading .elementor-heading-title.elementor-size-xl{font-size:39px}.elementor-widget-heading .elementor-heading-title.elementor-size-xxl{font-size:59px}<\/style><h3 class=\"elementor-heading-title elementor-size-default\">N\u01b0\u1edbc c\u1ed1t d\u1eeba<\/h3>\t\t<\/div>\n\t\t\t\t<\/div>\n\t\t\t\t\t<\/div>\n\t\t\t\t<\/div>\n\t\t<div class=\"elementor-element elementor-element-6ec7b1c e-flex e-con-boxed e-con e-child\" data-id=\"6ec7b1c\" data-element_type=\"container\" data-settings=\"{&quot;content_width&quot;:&quot;boxed&quot;}\">\n\t\t\t\t\t<div class=\"e-con-inner\">\n\t\t\t\t\t<\/div>\n\t\t\t\t<\/div>\n\t\t\t\t\t<\/div>\n\t\t\t\t<\/div>\n\t\t<div class=\"elementor-element elementor-element-5264b755 e-flex e-con-boxed e-con e-parent\" data-id=\"5264b755\" data-element_type=\"container\" data-settings=\"{&quot;content_width&quot;:&quot;boxed&quot;}\" data-core-v316-plus=\"true\">\n\t\t\t\t\t<div class=\"e-con-inner\">\n\t\t\t\t<div class=\"elementor-element elementor-element-6b8b11ed elementor-grid-4 elementor-grid-mobile-2 elementor-posts--align-center elementor-posts__hover-none elementor-grid-tablet-2 elementor-posts--thumbnail-top elementor-widget elementor-widget-posts\" data-id=\"6b8b11ed\" data-element_type=\"widget\" data-settings=\"{&quot;cards_columns&quot;:&quot;4&quot;,&quot;cards_columns_mobile&quot;:&quot;2&quot;,&quot;cards_row_gap&quot;:{&quot;unit&quot;:&quot;px&quot;,&quot;size&quot;:20,&quot;sizes&quot;:[]},&quot;cards_row_gap_mobile&quot;:{&quot;unit&quot;:&quot;px&quot;,&quot;size&quot;:10,&quot;sizes&quot;:[]},&quot;cards_columns_tablet&quot;:&quot;2&quot;,&quot;cards_row_gap_tablet&quot;:{&quot;unit&quot;:&quot;px&quot;,&quot;size&quot;:&quot;&quot;,&quot;sizes&quot;:[]}}\" data-widget_type=\"posts.cards\">\n\t\t\t\t<div class=\"elementor-widget-container\">\n\t\t\t<link rel=\"stylesheet\" href=\"https:\/\/www.tiha.eu\/wp-content\/plugins\/elementor-pro\/assets\/css\/widget-posts.min.css\">\t\t<div class=\"elementor-posts-container elementor-posts elementor-posts--skin-cards elementor-grid\">\n\t\t\t\t<article class=\"elementor-post elementor-grid-item post-1703 post type-post status-publish format-standard has-post-thumbnail hentry category-coconut-milk tag-suree entry has-media\">\n\t\t\t<div class=\"elementor-post__card\">\n\t\t\t\t<a class=\"elementor-post__thumbnail__link\" href=\"https:\/\/www.tiha.eu\/vi\/coconut-milk\/suree-coconut-milk-17-19\/\" tabindex=\"-1\" ><div class=\"elementor-post__thumbnail\"><img fetchpriority=\"high\" decoding=\"async\" width=\"1000\" height=\"1000\" src=\"https:\/\/www.tiha.eu\/wp-content\/uploads\/2023\/12\/coconut-milk17-19.png\" class=\"attachment-full size-full wp-image-1704\" alt=\"\" srcset=\"https:\/\/www.tiha.eu\/wp-content\/uploads\/2023\/12\/coconut-milk17-19.png 1000w, https:\/\/www.tiha.eu\/wp-content\/uploads\/2023\/12\/coconut-milk17-19-300x300.png 300w, https:\/\/www.tiha.eu\/wp-content\/uploads\/2023\/12\/coconut-milk17-19-150x150.png 150w, https:\/\/www.tiha.eu\/wp-content\/uploads\/2023\/12\/coconut-milk17-19-768x768.png 768w, https:\/\/www.tiha.eu\/wp-content\/uploads\/2023\/12\/coconut-milk17-19-600x600.png 600w\" sizes=\"(max-width: 1000px) 100vw, 1000px\" \/><\/div><\/a>\n\t\t\t\t<div class=\"elementor-post__text\">\n\t\t\t\t<h3 class=\"elementor-post__title\">\n\t\t\t<a href=\"https:\/\/www.tiha.eu\/vi\/coconut-milk\/suree-coconut-milk-17-19\/\" >\n\t\t\t\tSuree Coconut Milk 17-19%\t\t\t<\/a>\n\t\t<\/h3>\n\t\t\t\t<div class=\"elementor-post__excerpt\">\n\t\t\t<p>Enrich your dishes with an irresistible taste<\/p>\n\t\t<\/div>\n\t\t\t\t<\/div>\n\t\t\t\t\t<\/div>\n\t\t<\/article>\n\t\t\t\t<article class=\"elementor-post elementor-grid-item post-606 post type-post status-publish format-standard has-post-thumbnail hentry category-coconut-milk tag-suree entry has-media\">\n\t\t\t<div class=\"elementor-post__card\">\n\t\t\t\t<a class=\"elementor-post__thumbnail__link\" href=\"https:\/\/www.tiha.eu\/vi\/coconut-milk\/suree-coconut-milk-8-10\/\" tabindex=\"-1\" ><div class=\"elementor-post__thumbnail\"><img decoding=\"async\" width=\"1000\" height=\"1000\" src=\"https:\/\/www.tiha.eu\/wp-content\/uploads\/2023\/12\/coconut-milk-1.png\" class=\"attachment-full size-full wp-image-293\" alt=\"\" srcset=\"https:\/\/www.tiha.eu\/wp-content\/uploads\/2023\/12\/coconut-milk-1.png 1000w, https:\/\/www.tiha.eu\/wp-content\/uploads\/2023\/12\/coconut-milk-1-300x300.png 300w, https:\/\/www.tiha.eu\/wp-content\/uploads\/2023\/12\/coconut-milk-1-150x150.png 150w, https:\/\/www.tiha.eu\/wp-content\/uploads\/2023\/12\/coconut-milk-1-768x768.png 768w, https:\/\/www.tiha.eu\/wp-content\/uploads\/2023\/12\/coconut-milk-1-600x600.png 600w\" sizes=\"(max-width: 1000px) 100vw, 1000px\" \/><\/div><\/a>\n\t\t\t\t<div class=\"elementor-post__text\">\n\t\t\t\t<h3 class=\"elementor-post__title\">\n\t\t\t<a href=\"https:\/\/www.tiha.eu\/vi\/coconut-milk\/suree-coconut-milk-8-10\/\" >\n\t\t\t\tSuree Coconut Milk 8-10%\t\t\t<\/a>\n\t\t<\/h3>\n\t\t\t\t<div class=\"elementor-post__excerpt\">\n\t\t\t<p>Enrich your dishes with an irresistible taste<\/p>\n\t\t<\/div>\n\t\t\t\t<\/div>\n\t\t\t\t\t<\/div>\n\t\t<\/article>\n\t\t\t\t<\/div>\n\t\t\n\t\t\t\t<\/div>\n\t\t\t\t<\/div>\n\t\t\t\t\t<\/div>\n\t\t\t\t<\/div>\n\t\t\t\t<section class=\"elementor-section elementor-top-section elementor-element elementor-element-405ddc61 elementor-section-boxed elementor-section-height-default elementor-section-height-default\" data-id=\"405ddc61\" data-element_type=\"section\">\n\t\t\t\t\t\t<div class=\"elementor-container elementor-column-gap-no\">\n\t\t\t\t\t<div class=\"elementor-column elementor-col-100 elementor-top-column elementor-element elementor-element-70c0a6d5\" data-id=\"70c0a6d5\" data-element_type=\"column\">\n\t\t\t<div class=\"elementor-widget-wrap elementor-element-populated\">\n\t\t\t\t\t\t\t\t<section class=\"elementor-section elementor-inner-section elementor-element elementor-element-5ec87beb elementor-section-boxed elementor-section-height-default elementor-section-height-default\" data-id=\"5ec87beb\" data-element_type=\"section\">\n\t\t\t\t\t\t<div class=\"elementor-container elementor-column-gap-no\">\n\t\t\t\t\t<div class=\"elementor-column elementor-col-50 elementor-inner-column elementor-element elementor-element-6ebdb205\" data-id=\"6ebdb205\" data-element_type=\"column\" data-settings=\"{&quot;background_background&quot;:&quot;classic&quot;}\">\n\t\t\t<div class=\"elementor-widget-wrap elementor-element-populated\">\n\t\t\t\t\t\t\t\t<div class=\"elementor-element elementor-element-55a71b59 elementor-widget elementor-widget-spacer\" data-id=\"55a71b59\" data-element_type=\"widget\" data-widget_type=\"spacer.default\">\n\t\t\t\t<div class=\"elementor-widget-container\">\n\t\t\t<style>\/*! elementor - v3.17.0 - 08-11-2023 *\/\n.elementor-column .elementor-spacer-inner{height:var(--spacer-size)}.e-con{--container-widget-width:100%}.e-con-inner>.elementor-widget-spacer,.e-con>.elementor-widget-spacer{width:var(--container-widget-width,var(--spacer-size));--align-self:var(--container-widget-align-self,initial);--flex-shrink:0}.e-con-inner>.elementor-widget-spacer>.elementor-widget-container,.e-con>.elementor-widget-spacer>.elementor-widget-container{height:100%;width:100%}.e-con-inner>.elementor-widget-spacer>.elementor-widget-container>.elementor-spacer,.e-con>.elementor-widget-spacer>.elementor-widget-container>.elementor-spacer{height:100%}.e-con-inner>.elementor-widget-spacer>.elementor-widget-container>.elementor-spacer>.elementor-spacer-inner,.e-con>.elementor-widget-spacer>.elementor-widget-container>.elementor-spacer>.elementor-spacer-inner{height:var(--container-widget-height,var(--spacer-size))}.e-con-inner>.elementor-widget-spacer.elementor-widget-empty,.e-con>.elementor-widget-spacer.elementor-widget-empty{position:relative;min-height:22px;min-width:22px}.e-con-inner>.elementor-widget-spacer.elementor-widget-empty .elementor-widget-empty-icon,.e-con>.elementor-widget-spacer.elementor-widget-empty .elementor-widget-empty-icon{position:absolute;top:0;bottom:0;left:0;right:0;margin:auto;padding:0;width:22px;height:22px}<\/style>\t\t<div class=\"elementor-spacer\">\n\t\t\t<div class=\"elementor-spacer-inner\"><\/div>\n\t\t<\/div>\n\t\t\t\t<\/div>\n\t\t\t\t<\/div>\n\t\t\t\t\t<\/div>\n\t\t<\/div>\n\t\t\t\t<div class=\"elementor-column elementor-col-50 elementor-inner-column elementor-element elementor-element-692a7a5e\" data-id=\"692a7a5e\" data-element_type=\"column\" data-settings=\"{&quot;background_background&quot;:&quot;classic&quot;}\">\n\t\t\t<div class=\"elementor-widget-wrap elementor-element-populated\">\n\t\t\t\t\t\t\t\t<div class=\"elementor-element elementor-element-2999e19d elementor-widget elementor-widget-heading\" data-id=\"2999e19d\" data-element_type=\"widget\" data-widget_type=\"heading.default\">\n\t\t\t\t<div class=\"elementor-widget-container\">\n\t\t\t<h2 class=\"elementor-heading-title elementor-size-default\">M\u1ed9t S\u1ef1 \u0110a D\u1ea1ng Ch\u01b0a T\u1eebng C\u00f3<\/h2>\t\t<\/div>\n\t\t\t\t<\/div>\n\t\t\t\t<div class=\"elementor-element elementor-element-15243166 elementor-widget elementor-widget-text-editor\" data-id=\"15243166\" data-element_type=\"widget\" data-widget_type=\"text-editor.default\">\n\t\t\t\t<div class=\"elementor-widget-container\">\n\t\t\t<style>\/*! elementor - v3.17.0 - 08-11-2023 *\/\n.elementor-widget-text-editor.elementor-drop-cap-view-stacked .elementor-drop-cap{background-color:#69727d;color:#fff}.elementor-widget-text-editor.elementor-drop-cap-view-framed .elementor-drop-cap{color:#69727d;border:3px solid;background-color:transparent}.elementor-widget-text-editor:not(.elementor-drop-cap-view-default) .elementor-drop-cap{margin-top:8px}.elementor-widget-text-editor:not(.elementor-drop-cap-view-default) .elementor-drop-cap-letter{width:1em;height:1em}.elementor-widget-text-editor .elementor-drop-cap{float:left;text-align:center;line-height:1;font-size:50px}.elementor-widget-text-editor .elementor-drop-cap-letter{display:inline-block}<\/style>\t\t\t\t<p><span data-sheets-root=\"1\" data-sheets-value=\"{&quot;1&quot;:2,&quot;2&quot;:&quot;Our selected range of products is a testament to our passion for quality and authenticity. Each item is a culinary staple promising to elevate the dining experience.&quot;}\" data-sheets-userformat=\"{&quot;2&quot;:897,&quot;3&quot;:{&quot;1&quot;:0},&quot;10&quot;:0,&quot;11&quot;:4,&quot;12&quot;:0}\">Nh\u1eefng s\u1ea3n ph\u1ea9m \u0111\u01b0\u1ee3c tuy\u1ec3n ch\u1ecdn l\u00e0 minh ch\u1ee9ng cho ni\u1ec1m \u0111am m\u00ea c\u1ee7a ch\u00fang t\u00f4i \u0111\u1ed1i v\u1edbi ch\u1ea5t l\u01b0\u1ee3ng v\u00e0 t\u00ednh ch\u00e2n th\u1eadt. M\u1ed7i s\u1ea3n ph\u1ea9m l\u00e0 m\u1ed9t ph\u1ea7n c\u1ed1t l\u00f5i c\u1ee7a m\u00f3n \u0103n, h\u1ee9a h\u1eb9n n\u00e2ng cao tr\u1ea3i nghi\u1ec7m \u1ea9m th\u1ef1c c\u1ee7a b\u1ea1n.<\/span><\/p>\t\t\t\t\t\t<\/div>\n\t\t\t\t<\/div>\n\t\t\t\t<div class=\"elementor-element elementor-element-1a67aa3e elementor-mobile-align-center elementor-tablet-align-center elementor-widget elementor-widget-button\" data-id=\"1a67aa3e\" data-element_type=\"widget\" data-widget_type=\"button.default\">\n\t\t\t\t<div class=\"elementor-widget-container\">\n\t\t\t\t\t<div class=\"elementor-button-wrapper\">\n\t\t\t<a class=\"elementor-button elementor-button-link elementor-size-sm\" href=\"https:\/\/www.tiha.eu\/wp-content\/uploads\/2023\/12\/katalog_final_tm.pdf\" target=\"_blank\">\n\t\t\t\t\t\t<span class=\"elementor-button-content-wrapper\">\n\t\t\t\t\t\t<span class=\"elementor-button-text\">XEM DANH M\u1ee4C S\u1ea2N PH\u1ea8M<\/span>\n\t\t<\/span>\n\t\t\t\t\t<\/a>\n\t\t<\/div>\n\t\t\t\t<\/div>\n\t\t\t\t<\/div>\n\t\t\t\t\t<\/div>\n\t\t<\/div>\n\t\t\t\t\t\t\t<\/div>\n\t\t<\/section>\n\t\t\t\t\t<\/div>\n\t\t<\/div>\n\t\t\t\t\t\t\t<\/div>\n\t\t<\/section>\n\t\t\t\t\t\t\t<\/div>","protected":false},"excerpt":{"rendered":"<p>Coconut Milk An Unparalled Assortment\u200b Our selected range of products is a testament to our passion for quality and authenticity. Each item is a culinary staple promising to elevate the dining experience. SEE PRODUCT CATALOGUE<\/p>","protected":false},"author":2,"featured_media":2117,"parent":76,"menu_order":0,"comment_status":"closed","ping_status":"closed","template":"elementor_header_footer","meta":{"footnotes":""},"yoast_head":"<!-- This site is optimized with the Yoast SEO plugin v21.7 - https:\/\/yoast.com\/wordpress\/plugins\/seo\/ -->\n<title>Coconut Milk - tiha.eu<\/title>\n<meta name=\"robots\" content=\"index, follow, max-snippet:-1, max-image-preview:large, max-video-preview:-1\" \/>\n<link rel=\"canonical\" href=\"https:\/\/www.tiha.eu\/vi\/product\/coconut-milk\/\" \/>\n<meta property=\"og:locale\" content=\"vi_VN\" \/>\n<meta property=\"og:type\" content=\"article\" \/>\n<meta property=\"og:title\" content=\"Coconut Milk - tiha.eu\" \/>\n<meta property=\"og:description\" content=\"Coconut Milk An Unparalled Assortment\u200b Our selected range of products is a testament to our passion for quality and authenticity. Each item is a culinary staple promising to elevate the dining experience. SEE PRODUCT CATALOGUE\" \/>\n<meta property=\"og:url\" content=\"https:\/\/www.tiha.eu\/vi\/product\/coconut-milk\/\" \/>\n<meta property=\"og:site_name\" content=\"tiha.eu\" \/>\n<meta property=\"article:modified_time\" content=\"2023-12-30T12:37:33+00:00\" \/>\n<meta property=\"og:image\" content=\"https:\/\/www.tiha.eu\/wp-content\/uploads\/2024\/01\/tiha-thumnail.png\" \/>\n\t<meta property=\"og:image:width\" content=\"1\" \/>\n\t<meta property=\"og:image:height\" content=\"1\" \/>\n\t<meta property=\"og:image:type\" content=\"image\/jpeg\" \/>\n<meta name=\"twitter:card\" content=\"summary_large_image\" \/>\n<script type=\"application\/ld+json\" class=\"yoast-schema-graph\">{\"@context\":\"https:\/\/schema.org\",\"@graph\":[{\"@type\":\"WebPage\",\"@id\":\"https:\/\/www.tiha.eu\/product\/coconut-milk\/\",\"url\":\"https:\/\/www.tiha.eu\/product\/coconut-milk\/\",\"name\":\"Coconut Milk - tiha.eu\",\"isPartOf\":{\"@id\":\"https:\/\/www.tiha.eu\/#website\"},\"datePublished\":\"2023-12-11T04:04:04+00:00\",\"dateModified\":\"2023-12-30T12:37:33+00:00\",\"breadcrumb\":{\"@id\":\"https:\/\/www.tiha.eu\/product\/coconut-milk\/#breadcrumb\"},\"inLanguage\":\"vi\",\"potentialAction\":[{\"@type\":\"ReadAction\",\"target\":[\"https:\/\/www.tiha.eu\/product\/coconut-milk\/\"]}]},{\"@type\":\"BreadcrumbList\",\"@id\":\"https:\/\/www.tiha.eu\/product\/coconut-milk\/#breadcrumb\",\"itemListElement\":[{\"@type\":\"ListItem\",\"position\":1,\"name\":\"Home\",\"item\":\"https:\/\/www.tiha.eu\/\"},{\"@type\":\"ListItem\",\"position\":2,\"name\":\"Product\",\"item\":\"https:\/\/www.tiha.eu\/product\/\"},{\"@type\":\"ListItem\",\"position\":3,\"name\":\"Coconut Milk\"}]},{\"@type\":\"WebSite\",\"@id\":\"https:\/\/www.tiha.eu\/#website\",\"url\":\"https:\/\/www.tiha.eu\/\",\"name\":\"tiha.eu\",\"description\":\"Asian Foods\",\"potentialAction\":[{\"@type\":\"SearchAction\",\"target\":{\"@type\":\"EntryPoint\",\"urlTemplate\":\"https:\/\/www.tiha.eu\/?s={search_term_string}\"},\"query-input\":\"required name=search_term_string\"}],\"inLanguage\":\"vi\"}]}<\/script>\n<!-- \/ Yoast SEO plugin. -->","yoast_head_json":{"title":"Coconut Milk - tiha.eu","robots":{"index":"index","follow":"follow","max-snippet":"max-snippet:-1","max-image-preview":"max-image-preview:large","max-video-preview":"max-video-preview:-1"},"canonical":"https:\/\/www.tiha.eu\/vi\/product\/coconut-milk\/","og_locale":"vi_VN","og_type":"article","og_title":"Coconut Milk - tiha.eu","og_description":"Coconut Milk An Unparalled Assortment\u200b Our selected range of products is a testament to our passion for quality and authenticity. Each item is a culinary staple promising to elevate the dining experience. SEE PRODUCT CATALOGUE","og_url":"https:\/\/www.tiha.eu\/vi\/product\/coconut-milk\/","og_site_name":"tiha.eu","article_modified_time":"2023-12-30T12:37:33+00:00","og_image":[{"url":"https:\/\/www.tiha.eu\/wp-content\/uploads\/2024\/01\/tiha-thumnail.png","width":1,"height":1,"type":"image\/jpeg"}],"twitter_card":"summary_large_image","schema":{"@context":"https:\/\/schema.org","@graph":[{"@type":"WebPage","@id":"https:\/\/www.tiha.eu\/product\/coconut-milk\/","url":"https:\/\/www.tiha.eu\/product\/coconut-milk\/","name":"Coconut Milk - tiha.eu","isPartOf":{"@id":"https:\/\/www.tiha.eu\/#website"},"datePublished":"2023-12-11T04:04:04+00:00","dateModified":"2023-12-30T12:37:33+00:00","breadcrumb":{"@id":"https:\/\/www.tiha.eu\/product\/coconut-milk\/#breadcrumb"},"inLanguage":"vi","potentialAction":[{"@type":"ReadAction","target":["https:\/\/www.tiha.eu\/product\/coconut-milk\/"]}]},{"@type":"BreadcrumbList","@id":"https:\/\/www.tiha.eu\/product\/coconut-milk\/#breadcrumb","itemListElement":[{"@type":"ListItem","position":1,"name":"Home","item":"https:\/\/www.tiha.eu\/"},{"@type":"ListItem","position":2,"name":"Product","item":"https:\/\/www.tiha.eu\/product\/"},{"@type":"ListItem","position":3,"name":"Coconut Milk"}]},{"@type":"WebSite","@id":"https:\/\/www.tiha.eu\/#website","url":"https:\/\/www.tiha.eu\/","name":"tiha.eu","description":"Asian Foods","potentialAction":[{"@type":"SearchAction","target":{"@type":"EntryPoint","urlTemplate":"https:\/\/www.tiha.eu\/?s={search_term_string}"},"query-input":"required name=search_term_string"}],"inLanguage":"vi"}]}},"_links":{"self":[{"href":"https:\/\/www.tiha.eu\/vi\/wp-json\/wp\/v2\/pages\/631"}],"collection":[{"href":"https:\/\/www.tiha.eu\/vi\/wp-json\/wp\/v2\/pages"}],"about":[{"href":"https:\/\/www.tiha.eu\/vi\/wp-json\/wp\/v2\/types\/page"}],"author":[{"embeddable":true,"href":"https:\/\/www.tiha.eu\/vi\/wp-json\/wp\/v2\/users\/2"}],"replies":[{"embeddable":true,"href":"https:\/\/www.tiha.eu\/vi\/wp-json\/wp\/v2\/comments?post=631"}],"version-history":[{"count":37,"href":"https:\/\/www.tiha.eu\/vi\/wp-json\/wp\/v2\/pages\/631\/revisions"}],"predecessor-version":[{"id":2087,"href":"https:\/\/www.tiha.eu\/vi\/wp-json\/wp\/v2\/pages\/631\/revisions\/2087"}],"up":[{"embeddable":true,"href":"https:\/\/www.tiha.eu\/vi\/wp-json\/wp\/v2\/pages\/76"}],"wp:featuredmedia":[{"embeddable":true,"href":"https:\/\/www.tiha.eu\/vi\/wp-json\/wp\/v2\/media\/2117"}],"wp:attachment":[{"href":"https:\/\/www.tiha.eu\/vi\/wp-json\/wp\/v2\/media?parent=631"}],"curies":[{"name":"wp","href":"https:\/\/api.w.org\/{rel}","templated":true}]}}